{"id":449,"date":"2024-12-10T13:46:02","date_gmt":"2024-12-10T12:46:02","guid":{"rendered":"http:\/\/canbassa.com\/?post_type=product&#038;p=449"},"modified":"2025-09-10T11:30:52","modified_gmt":"2025-09-10T09:30:52","slug":"tarjeta-regalo-can-bassa","status":"publish","type":"product","link":"https:\/\/canbassa.com\/ca\/producte\/tarjeta-regalo-can-bassa\/","title":{"rendered":"Targeta regal Can Bassa"},"content":{"rendered":"<p class=\"p1\">La <span class=\"s1\"><b>Targeta regal Can Bassa<\/b><\/span> \u00e9s l'opci\u00f3 perfecta per sorprendre amb una estada especial en un entorn tranquil i amb encant. El destinatari podr\u00e0 bescanviar-la per qualsevol dels nostres <span class=\"s1\"><b>serveis i experi\u00e8ncies<\/b><\/span>, des de <span class=\"s1\"><b>allotjar-se en el nostre hotel o cases amb encant<\/b><\/span> fins a <span class=\"s1\"><b>llogar bicicletes<\/b><\/span> per explorar l'encan de l'Empord\u00e0.<\/p>\n<h2 class=\"p3\" style=\"font-size: 16px;\"><b>Com funciona la targeta regal<\/b><b><\/b><\/h2>\n<p class=\"p4\">\u2022 Trieu l'import o l'experi\u00e8ncia que voleu regalar.<\/p>\n<p class=\"p4 translation-block\">\u2022 Contacta amb nosaltres en canbassa@gmail.com o en el +34 648 100 001 per a con\u00e8ixer les opcions disponibles.<\/p>\n<p class=\"p4 translation-block\">\u2022 La targeta t\u00e9 una validesa d'1 any des de la data de compra.<\/p>\n<p class=\"p4 translation-block\">\u2022 Una vegada realitzada la reserva, s'aplicaran els termes i condicions de l'establiment.<\/p>\n<p class=\"p1 translation-block\">Un detall exclusiu per a regalar moments inoblidables en Can Bassa.<\/p>","protected":false},"excerpt":{"rendered":"<p>La Tarjeta Regalo Can Bassa es la opci\u00f3n perfecta para sorprender con una estancia especial en un entorno tranquilo y con encanto. El destinatario podr\u00e1 canjearla por cualquiera de nuestros servicios y experiencias, desde alojarse en nuestro hotel o casas con encanto hasta alquilar bicicletas para explorar la belleza del Empord\u00e0. C\u00f3mo funciona la tarjeta [&hellip;]<\/p>\n","protected":false},"featured_media":450,"comment_status":"open","ping_status":"closed","template":"","meta":[],"product_brand":[],"product_cat":[20],"product_tag":[],"class_list":{"0":"post-449","1":"product","2":"type-product","3":"status-publish","4":"has-post-thumbnail","6":"product_cat-vales-regalo","8":"first","9":"instock","10":"shipping-taxable","11":"purchasable","12":"product-type-variable"},"_links":{"self":[{"href":"https:\/\/canbassa.com\/ca\/wp-json\/wp\/v2\/product\/449","targetHints":{"allow":["GET"]}}],"collection":[{"href":"https:\/\/canbassa.com\/ca\/wp-json\/wp\/v2\/product"}],"about":[{"href":"https:\/\/canbassa.com\/ca\/wp-json\/wp\/v2\/types\/product"}],"replies":[{"embeddable":true,"href":"https:\/\/canbassa.com\/ca\/wp-json\/wp\/v2\/comments?post=449"}],"wp:featuredmedia":[{"embeddable":true,"href":"https:\/\/canbassa.com\/ca\/wp-json\/wp\/v2\/media\/450"}],"wp:attachment":[{"href":"https:\/\/canbassa.com\/ca\/wp-json\/wp\/v2\/media?parent=449"}],"wp:term":[{"taxonomy":"product_brand","embeddable":true,"href":"https:\/\/canbassa.com\/ca\/wp-json\/wp\/v2\/product_brand?post=449"},{"taxonomy":"product_cat","embeddable":true,"href":"https:\/\/canbassa.com\/ca\/wp-json\/wp\/v2\/product_cat?post=449"},{"taxonomy":"product_tag","embeddable":true,"href":"https:\/\/canbassa.com\/ca\/wp-json\/wp\/v2\/product_tag?post=449"}],"curies":[{"name":"wp","href":"https:\/\/api.w.org\/{rel}","templated":true}]}}