{"id":449,"date":"2024-12-10T13:46:02","date_gmt":"2024-12-10T12:46:02","guid":{"rendered":"http:\/\/canbassa.com\/?post_type=product&#038;p=449"},"modified":"2025-09-10T11:30:52","modified_gmt":"2025-09-10T09:30:52","slug":"tarjeta-regalo-can-bassa","status":"publish","type":"product","link":"https:\/\/canbassa.com\/fr\/produit\/tarjeta-regalo-can-bassa\/","title":{"rendered":"Carte cadeau Can Bassa"},"content":{"rendered":"<p class=\"p1\">La <span class=\"s1\"><b>carte cadeau Can Bassa<\/b><\/span> est l'option id\u00e9ale pour surprendre quelqu'un avec un s\u00e9jour sp\u00e9cial dans un cadre paisible et charmant. Le b\u00e9n\u00e9ficiaire pourra l'\u00e9changer contre n'importe lequel de nos <span class=\"s1\"><b>services et exp\u00e9riences<\/b><\/span>, depuis <span class=\"s1\"><b>un s\u00e9jour dans notre h\u00f4tel ou nos maisons de charme<\/b><\/span> jusqu'\u00e0 <span class=\"s1\"><b>la location de v\u00e9los<\/b><\/span> pour explorer la beaut\u00e9 de l'Empord\u00e0.<\/p>\n<h2 class=\"p3\" style=\"font-size: 16px;\"><b>Comment fonctionne la carte cadeau<\/b><b><\/b><\/h2>\n<p class=\"p4\">\u2022 Choisissez le montant ou l\u2019exp\u00e9rience que vous souhaitez offrir.<\/p>\n<p class=\"p4 translation-block\">\u2022 Contactez-nous \u00e0 <a href=\"mailto:canbassa@gmail.com\" target=\"_self\"><span class=\"s1\"><b>canbassa@gmail.com<\/b><\/span><\/a> ou au <span class=\"s1\"><b>+34 648 100 001<\/b><\/span> pour en savoir plus sur les options disponibles.<\/p>\n<p class=\"p4 translation-block\">\u2022 La carte est valable 1 an \u00e0 compter de la date d'achat.<\/p>\n<p class=\"p4 translation-block\">\u2022 Une fois la r\u00e9servation effectu\u00e9e, les <span class=\"s1\"><b>conditions g\u00e9n\u00e9rales<\/b><\/span> de l'\u00e9tablissement s'appliqueront.<\/p>\n<p class=\"p1 translation-block\">Un d\u00e9tail exclusif pour offrir des moments inoubliables \u00e0 <a href=\"\/fr\/galeria\/\" target=\"_self\"><span class=\"s1\"><b>Can Bassa<\/b><\/span><\/a>.<\/p>","protected":false},"excerpt":{"rendered":"<p>La Tarjeta Regalo Can Bassa es la opci\u00f3n perfecta para sorprender con una estancia especial en un entorno tranquilo y con encanto. El destinatario podr\u00e1 canjearla por cualquiera de nuestros servicios y experiencias, desde alojarse en nuestro hotel o casas con encanto hasta alquilar bicicletas para explorar la belleza del Empord\u00e0. C\u00f3mo funciona la tarjeta [&hellip;]<\/p>\n","protected":false},"featured_media":450,"comment_status":"open","ping_status":"closed","template":"","meta":[],"product_brand":[],"product_cat":[20],"product_tag":[],"class_list":{"0":"post-449","1":"product","2":"type-product","3":"status-publish","4":"has-post-thumbnail","6":"product_cat-vales-regalo","8":"first","9":"instock","10":"shipping-taxable","11":"purchasable","12":"product-type-variable"},"_links":{"self":[{"href":"https:\/\/canbassa.com\/fr\/wp-json\/wp\/v2\/product\/449","targetHints":{"allow":["GET"]}}],"collection":[{"href":"https:\/\/canbassa.com\/fr\/wp-json\/wp\/v2\/product"}],"about":[{"href":"https:\/\/canbassa.com\/fr\/wp-json\/wp\/v2\/types\/product"}],"replies":[{"embeddable":true,"href":"https:\/\/canbassa.com\/fr\/wp-json\/wp\/v2\/comments?post=449"}],"wp:featuredmedia":[{"embeddable":true,"href":"https:\/\/canbassa.com\/fr\/wp-json\/wp\/v2\/media\/450"}],"wp:attachment":[{"href":"https:\/\/canbassa.com\/fr\/wp-json\/wp\/v2\/media?parent=449"}],"wp:term":[{"taxonomy":"product_brand","embeddable":true,"href":"https:\/\/canbassa.com\/fr\/wp-json\/wp\/v2\/product_brand?post=449"},{"taxonomy":"product_cat","embeddable":true,"href":"https:\/\/canbassa.com\/fr\/wp-json\/wp\/v2\/product_cat?post=449"},{"taxonomy":"product_tag","embeddable":true,"href":"https:\/\/canbassa.com\/fr\/wp-json\/wp\/v2\/product_tag?post=449"}],"curies":[{"name":"wp","href":"https:\/\/api.w.org\/{rel}","templated":true}]}}